{"id":329,"date":"2021-11-26T09:39:49","date_gmt":"2021-11-26T09:39:49","guid":{"rendered":""},"modified":"2023-02-04T06:55:49","modified_gmt":"2023-02-04T09:55:49","slug":"quienes-somos","status":"publish","type":"page","link":"https:\/\/designcups.com.ar\/newdesign\/quienes-somos\/","title":{"rendered":"\u00bfA qu\u00e9 nos dedicamos?"},"content":{"rendered":"\t\t<div data-elementor-type=\"wp-page\" data-elementor-id=\"329\" class=\"elementor elementor-329\">\n\t\t\t\t\t\t<div class=\"elementor-inner\">\n\t\t\t\t<div class=\"elementor-section-wrap\">\n\t\t\t\t\t\t\t\t\t<section class=\"elementor-section elementor-top-section elementor-element elementor-element-ef5f634 elementor-section-boxed elementor-section-gap-beside-yes elementor-section-height-default elementor-section-height-default elementor-section-column-vertical-align-stretch\" data-id=\"ef5f634\" data-element_type=\"section\">\n\t\t\t\t\t\t<div class=\"elementor-container elementor-column-gap-extended\">\n\t\t\t\t\t\t\t<div class=\"elementor-row\">\n\t\t\t\t\t<div class=\"elementor-column elementor-col-100 elementor-top-column elementor-element elementor-element-6b9bd48\" data-id=\"6b9bd48\" data-element_type=\"column\">\n\t\t\t<div class=\"elementor-column-wrap elementor-element-populated\">\n\t\t\t\t\t\t\t<div class=\"elementor-widget-wrap\">\n\t\t\t\t\t\t<div class=\"elementor-element elementor-element-3f6ad8b elementor-widget elementor-widget-spacer\" data-id=\"3f6ad8b\" data-element_type=\"widget\" data-widget_type=\"spacer.default\">\n\t\t\t\t<div class=\"elementor-widget-container\">\n\t\t\t<style>\/*! elementor - v3.10.2 - 29-01-2023 *\/\n.elementor-column .elementor-spacer-inner{height:var(--spacer-size)}.e-con{--container-widget-width:100%}.e-con-inner>.elementor-widget-spacer,.e-con>.elementor-widget-spacer{width:var(--container-widget-width,var(--spacer-size));--align-self:var(--container-widget-align-self,initial);--flex-shrink:0}.e-con-inner>.elementor-widget-spacer>.elementor-widget-container,.e-con-inner>.elementor-widget-spacer>.elementor-widget-container>.elementor-spacer,.e-con>.elementor-widget-spacer>.elementor-widget-container,.e-con>.elementor-widget-spacer>.elementor-widget-container>.elementor-spacer{height:100%}.e-con-inner>.elementor-widget-spacer>.elementor-widget-container>.elementor-spacer>.elementor-spacer-inner,.e-con>.elementor-widget-spacer>.elementor-widget-container>.elementor-spacer>.elementor-spacer-inner{height:var(--container-widget-height,var(--spacer-size))}<\/style>\t\t<div class=\"elementor-spacer\">\n\t\t\t<div class=\"elementor-spacer-inner\"><\/div>\n\t\t<\/div>\n\t\t\t\t<\/div>\n\t\t\t\t<\/div>\n\t\t\t\t\t\t<\/div>\n\t\t\t\t\t<\/div>\n\t\t<\/div>\n\t\t\t\t\t\t\t\t<\/div>\n\t\t\t\t\t<\/div>\n\t\t<\/section>\n\t\t\t\t<section class=\"elementor-section elementor-top-section elementor-element elementor-element-be89278 elementor-section-boxed elementor-section-gap-beside-yes elementor-section-height-default elementor-section-height-default elementor-section-content-align-center elementor-section-column-vertical-align-stretch\" data-id=\"be89278\" data-element_type=\"section\">\n\t\t\t\t\t\t<div class=\"elementor-container elementor-column-gap-extended\">\n\t\t\t\t\t\t\t<div class=\"elementor-row\">\n\t\t\t\t\t<div class=\"elementor-column elementor-col-100 elementor-top-column elementor-element elementor-element-ea8fb37\" data-id=\"ea8fb37\" data-element_type=\"column\">\n\t\t\t<div class=\"elementor-column-wrap elementor-element-populated\">\n\t\t\t\t\t\t\t<div class=\"elementor-widget-wrap\">\n\t\t\t\t\t\t<div class=\"elementor-element elementor-element-16afce8 elementor-widget elementor-widget-tm-heading\" data-id=\"16afce8\" data-element_type=\"widget\" data-widget_type=\"tm-heading.default\">\n\t\t\t\t<div class=\"elementor-widget-container\">\n\t\t\t\t\t<div class=\"tm-modern-heading tm-modern-heading--style-02 tm-modern-heading--highlight-style-01\">\n\t\t\t\n\t\t\t\t\t<div class=\"heading-primary-wrap\">\n\t\t\t<h2 class=\"heading-primary elementor-heading-title\"><b>Somos fabricantes de vasos de pl\u00e1stico reutilizables y personalizados.<\/b><\/h2>\t\t<\/div>\n\t\t\n\t\t\t\n\t\t\t\t\t<\/div>\n\t\t\t\t<\/div>\n\t\t\t\t<\/div>\n\t\t\t\t<div class=\"elementor-element elementor-element-5a7abf4 elementor-widget elementor-widget-tm-heading\" data-id=\"5a7abf4\" data-element_type=\"widget\" data-widget_type=\"tm-heading.default\">\n\t\t\t\t<div class=\"elementor-widget-container\">\n\t\t\t\t\t<div class=\"tm-modern-heading tm-modern-heading--style-03 tm-modern-heading--highlight-style-01\">\n\t\t\t\n\t\t\t\t\t<div class=\"heading-primary-wrap\">\n\t\t\t<h3 class=\"heading-primary elementor-heading-title\">Implementamos un modelo de producci\u00f3n que apuesta al futuro y al largo plazo. Por eso, nuestros productos son de calidad para que sean reutilizados muchas veces antes de ser reciclados.<\/h3>\t\t<\/div>\n\t\t\n\t\t\t\n\t\t\t\t\t<\/div>\n\t\t\t\t<\/div>\n\t\t\t\t<\/div>\n\t\t\t\t<div class=\"elementor-element elementor-element-88d300d elementor-widget elementor-widget-image\" data-id=\"88d300d\" data-element_type=\"widget\" data-widget_type=\"image.default\">\n\t\t\t\t<div class=\"elementor-widget-container\">\n\t\t\t<style>\/*! elementor - v3.10.2 - 29-01-2023 *\/\n.elementor-widget-image{text-align:center}.elementor-widget-image a{display:inline-block}.elementor-widget-image a img[src$=\".svg\"]{width:48px}.elementor-widget-image img{vertical-align:middle;display:inline-block}<\/style>\t\t\t\t\t<div class=\"elementor-image\">\n\t\t\t\t\t\t\t\t\t\t\t\t<img loading=\"lazy\" decoding=\"async\" width=\"640\" height=\"227\" src=\"https:\/\/designcups.com.ar\/newdesign\/wp-content\/uploads\/2023\/01\/3r.png\" class=\"attachment-large size-large wp-image-21522\" alt=\"\" srcset=\"https:\/\/designcups.com.ar\/newdesign\/wp-content\/uploads\/2023\/01\/3r.png 954w, https:\/\/designcups.com.ar\/newdesign\/wp-content\/uploads\/2023\/01\/3r-600x213.png 600w, https:\/\/designcups.com.ar\/newdesign\/wp-content\/uploads\/2023\/01\/3r-300x107.png 300w, https:\/\/designcups.com.ar\/newdesign\/wp-content\/uploads\/2023\/01\/3r-768x273.png 768w\" sizes=\"auto, (max-width: 640px) 100vw, 640px\" \/>\t\t\t\t\t\t\t\t\t\t\t\t\t\t<\/div>\n\t\t\t\t\t\t<\/div>\n\t\t\t\t<\/div>\n\t\t\t\t\t\t<\/div>\n\t\t\t\t\t<\/div>\n\t\t<\/div>\n\t\t\t\t\t\t\t\t<\/div>\n\t\t\t\t\t<\/div>\n\t\t<\/section>\n\t\t\t\t<section class=\"elementor-section elementor-top-section elementor-element elementor-element-6a21e7e elementor-section-boxed elementor-section-gap-beside-yes elementor-section-height-default elementor-section-height-default elementor-section-content-align-center elementor-section-column-vertical-align-stretch\" data-id=\"6a21e7e\" data-element_type=\"section\">\n\t\t\t\t\t\t<div class=\"elementor-container elementor-column-gap-extended\">\n\t\t\t\t\t\t\t<div class=\"elementor-row\">\n\t\t\t\t\t<div class=\"elementor-column elementor-col-100 elementor-top-column elementor-element elementor-element-a3b3cc7\" data-id=\"a3b3cc7\" data-element_type=\"column\">\n\t\t\t<div class=\"elementor-column-wrap elementor-element-populated\">\n\t\t\t\t\t\t\t<div class=\"elementor-widget-wrap\">\n\t\t\t\t\t\t<div class=\"elementor-element elementor-element-586acb2 elementor-widget elementor-widget-tm-heading\" data-id=\"586acb2\" data-element_type=\"widget\" data-widget_type=\"tm-heading.default\">\n\t\t\t\t<div class=\"elementor-widget-container\">\n\t\t\t\t\t<div class=\"tm-modern-heading tm-modern-heading--style-02 tm-modern-heading--highlight-style-01\">\n\t\t\t\n\t\t\t\t\t<div class=\"heading-primary-wrap\">\n\t\t\t<h2 class=\"heading-primary elementor-heading-title\"><b>\u00bfCu\u00e1l es nuestro compromiso?<\/b><\/h2>\t\t<\/div>\n\t\t\n\t\t\t\n\t\t\t\t\t<\/div>\n\t\t\t\t<\/div>\n\t\t\t\t<\/div>\n\t\t\t\t<div class=\"elementor-element elementor-element-df02184 elementor-widget elementor-widget-tm-heading\" data-id=\"df02184\" data-element_type=\"widget\" data-widget_type=\"tm-heading.default\">\n\t\t\t\t<div class=\"elementor-widget-container\">\n\t\t\t\t\t<div class=\"tm-modern-heading tm-modern-heading--style-03 tm-modern-heading--highlight-style-01\">\n\t\t\t\n\t\t\t\t\t<div class=\"heading-primary-wrap\">\n\t\t\t<h3 class=\"heading-primary elementor-heading-title\">Desde nuestro origen, buscamos promover pr\u00e1cticas que generen un impacto ambiental positivo a partir de la reutilizaci\u00f3n de los pl\u00e1sticos de un s\u00f3lo uso.<br><br>\n\nNuestros vasos reutilizables son opciones sostenibles que contribuyen a construir un mundo con menos residuos, menos descartables y con m\u00e1s alternativas de reciclaje.<br><br>\n\nSabemos que dar una segunda vida \u00fatil a los objetos que usamos en vez de generar m\u00e1s residuos, es sumar un granito de arena por un mundo mejor, m\u00e1s sustentable y m\u00e1s limpio. Las peque\u00f1as acciones hacen la diferencia y en #Designcups lo sabemos.\n<\/h3>\t\t<\/div>\n\t\t\n\t\t\t\n\t\t\t\t\t<\/div>\n\t\t\t\t<\/div>\n\t\t\t\t<\/div>\n\t\t\t\t\t\t<\/div>\n\t\t\t\t\t<\/div>\n\t\t<\/div>\n\t\t\t\t\t\t\t\t<\/div>\n\t\t\t\t\t<\/div>\n\t\t<\/section>\n\t\t\t\t<section class=\"elementor-section elementor-top-section elementor-element elementor-element-1a2bc03 elementor-section-boxed elementor-section-gap-beside-yes elementor-section-height-default elementor-section-height-default elementor-section-column-vertical-align-stretch\" data-id=\"1a2bc03\" data-element_type=\"section\">\n\t\t\t\t\t\t<div class=\"elementor-container elementor-column-gap-extended\">\n\t\t\t\t\t\t\t<div class=\"elementor-row\">\n\t\t\t\t\t<div class=\"elementor-column elementor-col-50 elementor-top-column elementor-element elementor-element-6fc213a\" data-id=\"6fc213a\" data-element_type=\"column\">\n\t\t\t<div class=\"elementor-column-wrap elementor-element-populated\">\n\t\t\t\t\t\t\t<div class=\"elementor-widget-wrap\">\n\t\t\t\t\t\t<div class=\"elementor-element elementor-element-e847d93 minimog-animation-zoom-in elementor-widget elementor-widget-tm-modern-image\" data-id=\"e847d93\" data-element_type=\"widget\" data-widget_type=\"tm-modern-image.default\">\n\t\t\t\t<div class=\"elementor-widget-container\">\n\t\t\t\t\t<div class=\"tm-modern-image\">\n\t\t\t\t\t\t\t<div class=\"minimog-box\">\n\t\t\t\t\t<div class=\"minimog-image\">\t\t\t\t\t<div class=\"minimog-lazy-image\" style=\"--lazy-image-width: 615px;--lazy-image-height: 145.36585365854%;\"><img loading=\"lazy\" decoding=\"async\"  src=\"data:image\/svg+xml;charset=utf8,%3Csvg%20xmlns%3D%22http:\/\/www.w3.org\/2000\/svg%22%20viewBox%3D%220%200%20615%20894%22%3E%3C%2Fsvg%3E\" width=\"615\" height=\"894\" alt=\"Mision-vision\" data-src=\"https:\/\/designcups.com.ar\/newdesign\/wp-content\/uploads\/2023\/01\/Mision-vision.png\" class=\" ll-image\" \/><\/div>\t\t\t\t\t<\/div>\t\t\t\t<\/div>\n\t\t\t\t\t\t\t\t\t\t<\/div>\n\t\t\t\t<\/div>\n\t\t\t\t<\/div>\n\t\t\t\t\t\t<\/div>\n\t\t\t\t\t<\/div>\n\t\t<\/div>\n\t\t\t\t<div class=\"elementor-column elementor-col-50 elementor-top-column elementor-element elementor-element-19fcc4d\" data-id=\"19fcc4d\" data-element_type=\"column\">\n\t\t\t<div class=\"elementor-column-wrap elementor-element-populated\">\n\t\t\t\t\t\t\t<div class=\"elementor-widget-wrap\">\n\t\t\t\t\t\t<div class=\"elementor-element elementor-element-6fe5658 elementor-widget elementor-widget-tm-image-box\" data-id=\"6fe5658\" data-element_type=\"widget\" data-widget_type=\"tm-image-box.default\">\n\t\t\t\t<div class=\"elementor-widget-container\">\n\t\t\t\t\t<div class=\"tm-image-box minimog-box tm-image-box--image-left tm-image-box--style-1 tm-image-box--content-alignment-top tm-image-box--image-top-mobile\">\t\t<div class=\"tm-image-box__wrap\">\n\n\t\t\t\t\t\t\t<div class=\"tm-image-box__image\">\n\t\t\t\t\t<div class=\"minimog-image\">\n\t\t\t\t\t\t<div class=\"minimog-lazy-image\" style=\"--lazy-image-width: 61px;--lazy-image-height: 100%;\"><img loading=\"lazy\" decoding=\"async\"  src=\"data:image\/svg+xml;charset=utf8,%3Csvg%20xmlns%3D%22http:\/\/www.w3.org\/2000\/svg%22%20viewBox%3D%220%200%2061%2061%22%3E%3C%2Fsvg%3E\" width=\"61\" height=\"61\" alt=\"mision\" data-src=\"https:\/\/designcups.com.ar\/newdesign\/wp-content\/uploads\/2023\/01\/mision.png\" class=\" ll-image\" \/><\/div>\t\t\t\t\t<\/div>\n\t\t\t\t\t\t\t\t\t<\/div>\n\t\t\t\n\t\t\t<div class=\"tm-image-box__content\">\n\t\t\t\t<div class=\"tm-image-box__title-wrapper\"><h3 class=\"tm-image-box__title\"><span class=\"tm-image-box__title-text\"><b>Nuestra misi\u00f3n<\/b><\/span><\/h3><\/div>\n\t\t\t\t\t\t<div class=\"tm-image-box__description\">\n\t\t\tSomos una empresa que se dedica a la fabricaci\u00f3n de vasos reutilizables y reciclables con la intenci\u00f3n de contribuir al cuidado del medio ambiente y su ecosistema.\t\t<\/div>\n\t\t\n\t\t\t\t\t\t\t<\/div>\n\n\t\t<\/div>\n\t\t<\/div>\t\t\t\t<\/div>\n\t\t\t\t<\/div>\n\t\t\t\t<div class=\"elementor-element elementor-element-5695b29 elementor-widget elementor-widget-tm-image-box\" data-id=\"5695b29\" data-element_type=\"widget\" data-widget_type=\"tm-image-box.default\">\n\t\t\t\t<div class=\"elementor-widget-container\">\n\t\t\t\t\t<div class=\"tm-image-box minimog-box tm-image-box--image-left tm-image-box--style-1 tm-image-box--content-alignment-top tm-image-box--image-top-mobile\">\t\t<div class=\"tm-image-box__wrap\">\n\n\t\t\t\t\t\t\t<div class=\"tm-image-box__image\">\n\t\t\t\t\t<div class=\"minimog-image\">\n\t\t\t\t\t\t<div class=\"minimog-lazy-image\" style=\"--lazy-image-width: 61px;--lazy-image-height: 100%;\"><img loading=\"lazy\" decoding=\"async\"  src=\"data:image\/svg+xml;charset=utf8,%3Csvg%20xmlns%3D%22http:\/\/www.w3.org\/2000\/svg%22%20viewBox%3D%220%200%2061%2061%22%3E%3C%2Fsvg%3E\" width=\"61\" height=\"61\" alt=\"vision\" data-src=\"https:\/\/designcups.com.ar\/newdesign\/wp-content\/uploads\/2023\/01\/vision.png\" class=\" ll-image\" \/><\/div>\t\t\t\t\t<\/div>\n\t\t\t\t\t\t\t\t\t<\/div>\n\t\t\t\n\t\t\t<div class=\"tm-image-box__content\">\n\t\t\t\t<div class=\"tm-image-box__title-wrapper\"><h3 class=\"tm-image-box__title\"><span class=\"tm-image-box__title-text\">Nuestra Visi\u00f3n<\/span><\/h3><\/div>\n\t\t\t\t\t\t<div class=\"tm-image-box__description\">\n\t\t\tSer una empresa l\u00edder en nuestro rubro, que nuestros clientes nos elijan por la calidad de nuestros productos y que cada vez m\u00e1s personas puedan sumarse para crear un planeta libre de productos de un solo uso.\t\t<\/div>\n\t\t\n\t\t\t\t\t\t\t<\/div>\n\n\t\t<\/div>\n\t\t<\/div>\t\t\t\t<\/div>\n\t\t\t\t<\/div>\n\t\t\t\t\t\t<\/div>\n\t\t\t\t\t<\/div>\n\t\t<\/div>\n\t\t\t\t\t\t\t\t<\/div>\n\t\t\t\t\t<\/div>\n\t\t<\/section>\n\t\t\t\t\t\t\t\t\t<\/div>\n\t\t\t<\/div>\n\t\t\t\t\t<\/div>\n\t\t","protected":false},"excerpt":{"rendered":"<p>Somos fabricantes de vasos de pl\u00e1stico reutilizables y personalizados. Implementamos un modelo de producci\u00f3n que apuesta al futuro y al largo plazo. Por eso, nuestros productos son de calidad para que sean reutilizados muchas veces antes de ser reciclados. \u00bfCu\u00e1l es nuestro compromiso? Desde nuestro origen, buscamos promover pr\u00e1cticas que generen un impacto ambiental positivo a partir de la reutilizaci\u00f3n de los pl\u00e1sticos de un s\u00f3lo uso. Nuestros vasos reutilizables son opciones sostenibles que contribuyen a construir un mundo con menos residuos, menos descartables y con m\u00e1s alternativas de reciclaje. Sabemos que dar una segunda vida \u00fatil a los objetos que usamos en vez de generar m\u00e1s residuos, es sumar un granito de arena por un mundo mejor, m\u00e1s sustentable y m\u00e1s limpio. Las peque\u00f1as acciones hacen la diferencia y en #Designcups lo sabemos. Nuestra misi\u00f3n Somos una empresa que se dedica a la fabricaci\u00f3n de vasos reutilizables y reciclables con la intenci\u00f3n de contribuir al cuidado del medio ambiente y su ecosistema. Nuestra Visi\u00f3n Ser una empresa l\u00edder en nuestro rubro, que nuestros clientes nos elijan por la calidad de nuestros productos y que cada vez m\u00e1s personas puedan sumarse para crear un planeta libre de productos de un solo uso.<\/p>\n","protected":false},"author":1,"featured_media":0,"parent":0,"menu_order":0,"comment_status":"closed","ping_status":"closed","template":"","meta":{"footnotes":""},"class_list":["post-329","page","type-page","status-publish","hentry","post-no-thumbnail"],"_links":{"self":[{"href":"https:\/\/designcups.com.ar\/newdesign\/wp-json\/wp\/v2\/pages\/329","targetHints":{"allow":["GET"]}}],"collection":[{"href":"https:\/\/designcups.com.ar\/newdesign\/wp-json\/wp\/v2\/pages"}],"about":[{"href":"https:\/\/designcups.com.ar\/newdesign\/wp-json\/wp\/v2\/types\/page"}],"author":[{"embeddable":true,"href":"https:\/\/designcups.com.ar\/newdesign\/wp-json\/wp\/v2\/users\/1"}],"replies":[{"embeddable":true,"href":"https:\/\/designcups.com.ar\/newdesign\/wp-json\/wp\/v2\/comments?post=329"}],"version-history":[{"count":8,"href":"https:\/\/designcups.com.ar\/newdesign\/wp-json\/wp\/v2\/pages\/329\/revisions"}],"predecessor-version":[{"id":21820,"href":"https:\/\/designcups.com.ar\/newdesign\/wp-json\/wp\/v2\/pages\/329\/revisions\/21820"}],"wp:attachment":[{"href":"https:\/\/designcups.com.ar\/newdesign\/wp-json\/wp\/v2\/media?parent=329"}],"curies":[{"name":"wp","href":"https:\/\/api.w.org\/{rel}","templated":true}]}}